{"id":10907,"date":"2022-08-20T02:28:01","date_gmt":"2022-08-20T00:28:01","guid":{"rendered":"https:\/\/josianelaureparis.com\/?post_type=product&#038;p=10907"},"modified":"2026-04-19T12:43:35","modified_gmt":"2026-04-19T10:43:35","slug":"creme-contour-yeux-certifie-bio-cosmetique","status":"publish","type":"product","link":"https:\/\/www.josianelaureparis.com\/en\/product\/creme-contour-yeux-certifie-bio-cosmetique\/","title":{"rendered":"Cr\u00e8me contour des yeux &#038; des l\u00e8vres"},"content":{"rendered":"","protected":false},"excerpt":{"rendered":"<h4>Regard jeune, l\u00e8vres sublim\u00e9es<\/h4>\n<p>L\u00e9g\u00e8re et tonique, cette cr\u00e8me contour <strong>att\u00e9nue les ridules<\/strong>, <strong>cernes et poches<\/strong> tout en <strong>lissant et hydratant les l\u00e8vres<\/strong>.<br \/>\nD\u00e9fatiguante, elle rafra\u00eechit et lifte visiblement la peau pour un regard plus lumineux et une bouche sublim\u00e9e.<\/p>\n<div class=\"panel-bio\">\n<h5 class=\"h-bio\">\u2022 COSMOS ORGANIC certifi\u00e9 par Cosmecert<br \/>\nselon le r\u00e9f\u00e9rentiel COSMOS<\/h5>\n<p><a href=\"https:\/\/www.cosmecert.fr\/nos-services\" target=\"_blank\" rel=\"nofollow noopener\"><img decoding=\"async\" class=\"align left size-large wp-image-12242 logo-bio\" role=\"img\" src=\"https:\/\/josianelaureparis.com\/wp-content\/uploads\/2022\/08\/logo-COSMOS-ORGANIC-officiel.svg\" alt=\"Cosmos Organic COSMEBIO COSMECERT\" \/><\/a><\/p>\n<ul class=\"bio\">\n<li><b>99,5%<\/b> des ingr\u00e9dients sont d\u2019origine naturelle<\/li>\n<li><b>38,6%<\/b> du total des ingr\u00e9dients sont issus de l\u2019agriculture biologique<\/li>\n<\/ul>\n<\/div>\n<p><a class=\"jump-to-tab\" href=\"#tab-additional_information\"><strong>ACTIFS CL\u00c9S<\/strong><br \/>\nEau Florale de Bleuet, et Acmella Oleracera.<br \/>\n<\/a><\/p>\n","protected":false},"featured_media":21875,"comment_status":"open","ping_status":"closed","template":"","meta":{"_seopress_robots_primary_cat":"none","_seopress_titles_title":"Cr\u00e8me Contour Yeux & L\u00e8vres Certifi\u00e9e Bio | Anti-\u00e2ge Naturel | %%sitetitle%%","_seopress_titles_desc":"Sublimez votre regard et vos l\u00e8vres avec la cr\u00e8me contour bio Josiane Laure Paris : action anti-rides, hydratation intense et \u00e9clat naturel gr\u00e2ce aux huiles essentielles pr\u00e9cieuses.","_seopress_robots_index":""},"product_brand":[],"product_cat":[18],"product_tag":[],"class_list":{"0":"post-10907","1":"product","2":"type-product","3":"status-publish","4":"has-post-thumbnail","6":"product_cat-le-bio","8":"first","9":"instock","10":"featured","11":"taxable","12":"shipping-taxable","13":"purchasable","14":"product-type-simple"},"_links":{"self":[{"href":"https:\/\/www.josianelaureparis.com\/en\/wp-json\/wp\/v2\/product\/10907","targetHints":{"allow":["GET"]}}],"collection":[{"href":"https:\/\/www.josianelaureparis.com\/en\/wp-json\/wp\/v2\/product"}],"about":[{"href":"https:\/\/www.josianelaureparis.com\/en\/wp-json\/wp\/v2\/types\/product"}],"replies":[{"embeddable":true,"href":"https:\/\/www.josianelaureparis.com\/en\/wp-json\/wp\/v2\/comments?post=10907"}],"wp:featuredmedia":[{"embeddable":true,"href":"https:\/\/www.josianelaureparis.com\/en\/wp-json\/wp\/v2\/media\/21875"}],"wp:attachment":[{"href":"https:\/\/www.josianelaureparis.com\/en\/wp-json\/wp\/v2\/media?parent=10907"}],"wp:term":[{"taxonomy":"product_brand","embeddable":true,"href":"https:\/\/www.josianelaureparis.com\/en\/wp-json\/wp\/v2\/product_brand?post=10907"},{"taxonomy":"product_cat","embeddable":true,"href":"https:\/\/www.josianelaureparis.com\/en\/wp-json\/wp\/v2\/product_cat?post=10907"},{"taxonomy":"product_tag","embeddable":true,"href":"https:\/\/www.josianelaureparis.com\/en\/wp-json\/wp\/v2\/product_tag?post=10907"}],"curies":[{"name":"wp","href":"https:\/\/api.w.org\/{rel}","templated":true}]}}